{"id":143,"date":"2020-02-24T13:08:57","date_gmt":"2020-02-24T13:08:57","guid":{"rendered":"https:\/\/demosites.io\/zelle-gb\/?page_id=143"},"modified":"2022-05-05T18:24:49","modified_gmt":"2022-05-05T17:24:49","slug":"0227d-home","status":"publish","type":"page","link":"https:\/\/haarstil-naturfriseur.de\/","title":{"rendered":"Home"},"content":{"rendered":"\n<div id=\"wp-block-themeisle-blocks-advanced-columns-d26b6b4e\" class=\"wp-block-themeisle-blocks-advanced-columns alignfull has-1-columns has-desktop-equal-layout has-tablet-equal-layout has-mobile-equal-layout has-vertical-center\"><div class=\"wp-block-themeisle-blocks-advanced-columns-overlay\"><\/div><div class=\"innerblocks-wrap\">\n<div id=\"wp-block-themeisle-blocks-advanced-column-bc8f6b49\" class=\"wp-block-themeisle-blocks-advanced-column animated fadeIn delay-200ms slow\">\n<h1 class=\"alignfull has-text-align-center has-white-color has-text-color wp-block-heading\" id=\"ihr-naturfriseur-mit-stil\">Ihr Naturfriseur mit Stil<\/h1>\n<\/div>\n<\/div><\/div>\n\n\n\n<div id=\"focus\" class=\"wp-block-themeisle-blocks-advanced-columns alignfull has-1-columns has-desktop-equal-layout has-tablet-equal-layout has-mobile-equal-layout has-vertical-center\"><div class=\"wp-block-themeisle-blocks-advanced-columns-overlay\"><\/div><div class=\"innerblocks-wrap\">\n<div id=\"wp-block-themeisle-blocks-advanced-column-b3c846e4\" class=\"wp-block-themeisle-blocks-advanced-column\">\n<p class=\"has-text-align-center\"><\/p>\n\n\n\n<h2 class=\"has-text-align-center has-text-color wp-block-heading\" id=\"das-leben-ist-nicht-perfekt-aber-dein-haar-kann-es-sein\" style=\"color:#4f1614;font-style:normal;font-weight:300;letter-spacing:4px\">Das Leben ist nicht perfekt, aber dein Haar kann es sein<br><\/h2>\n<\/div>\n<\/div><\/div>\n\n\n<style>#kt-layout-id_b0db77-8b > .kt-row-column-wrap{align-content:start;}:where(#kt-layout-id_b0db77-8b > .kt-row-column-wrap) > .wp-block-kadence-column{justify-content:start;}#kt-layout-id_b0db77-8b > .kt-row-column-wrap{column-gap:var(--global-kb-gap-md, 2rem);row-gap:var(--global-kb-gap-md, 2rem);max-width:1200px;padding-top:var( --global-kb-row-default-top, 25px );padding-bottom:var( --global-kb-row-default-bottom, 25px );padding-top:0px;padding-bottom:44px;grid-template-columns:minmax(0, 1fr);}#kt-layout-id_b0db77-8b{background-image:url('http:\/\/s900859758.online.de\/wp-content\/uploads\/2022\/03\/IMG_5918.png');background-size:cover;background-position:50% 14.000000000000002%;background-attachment:scroll;background-repeat:no-repeat;}#kt-layout-id_b0db77-8b > .kt-row-layout-overlay{opacity:0.30;}@media all and (max-width: 1024px){#kt-layout-id_b0db77-8b > .kt-row-column-wrap{grid-template-columns:minmax(0, 1fr);}}@media all and (max-width: 767px){#kt-layout-id_b0db77-8b > .kt-row-column-wrap{grid-template-columns:minmax(0, 1fr);}}<\/style>\n<div class=\"wp-block-kadence-rowlayout alignfull\"><div id=\"kt-layout-id_b0db77-8b\" class=\"kt-row-layout-inner kt-row-has-bg kt-layout-id_b0db77-8b\"><div class=\"kt-row-column-wrap kt-has-1-columns kt-gutter-default kt-v-gutter-default kt-row-valign-top kt-row-layout-equal kt-tab-layout-inherit kt-m-colapse-left-to-right kt-mobile-layout-row kb-theme-content-width\"><style>.kadence-column_1af09a-87 > .kt-inside-inner-col{border-top-width:0px;border-right-width:0px;border-bottom-width:0px;border-left-width:0px;}.kadence-column_1af09a-87 > .kt-inside-inner-col,.kadence-column_1af09a-87 > .kt-inside-inner-col:before{border-top-left-radius:0px;border-top-right-radius:0px;border-bottom-right-radius:0px;border-bottom-left-radius:0px;}.kadence-column_1af09a-87 > .kt-inside-inner-col{column-gap:var(--global-kb-gap-sm, 1rem);}.kadence-column_1af09a-87 > .kt-inside-inner-col{flex-direction:column;}.kadence-column_1af09a-87 > .kt-inside-inner-col > .aligncenter{width:100%;}.kadence-column_1af09a-87 > .kt-inside-inner-col:before{opacity:0.3;}.kadence-column_1af09a-87{position:relative;}@media all and (max-width: 1024px){.kadence-column_1af09a-87 > .kt-inside-inner-col{flex-direction:column;justify-content:center;}}@media all and (max-width: 767px){.kadence-column_1af09a-87 > .kt-inside-inner-col{flex-direction:column;justify-content:center;}}<\/style>\n<div class=\"wp-block-kadence-column inner-column-1 kadence-column_1af09a-87\"><div class=\"kt-inside-inner-col\">\n<div class=\"wp-block-columns is-layout-flex wp-container-core-columns-is-layout-9d6595d7 wp-block-columns-is-layout-flex\">\n<div class=\"wp-block-column is-layout-flow wp-block-column-is-layout-flow\">\n<div class=\"wp-block-columns is-layout-flex wp-container-core-columns-is-layout-9d6595d7 wp-block-columns-is-layout-flex\">\n<div class=\"wp-block-column is-vertically-aligned-center is-layout-flow wp-block-column-is-layout-flow\">\n<div class=\"wp-block-columns is-layout-flex wp-container-core-columns-is-layout-9d6595d7 wp-block-columns-is-layout-flex\">\n<div class=\"wp-block-column is-layout-flow wp-block-column-is-layout-flow\" style=\"flex-basis:100%\"><style>#kt-layout-id_b3de74-01 > .kt-row-column-wrap{align-content:center;}:where(#kt-layout-id_b3de74-01 > .kt-row-column-wrap) > .wp-block-kadence-column{justify-content:center;}#kt-layout-id_b3de74-01 > .kt-row-column-wrap{column-gap:var(--global-kb-gap-md, 2rem);row-gap:var(--global-kb-gap-md, 2rem);padding-top:var( --global-kb-row-default-top, 25px );padding-bottom:var( --global-kb-row-default-bottom, 25px );padding-top:var(--global-kb-spacing-sm, 1.5rem);padding-bottom:var(--global-kb-spacing-sm, 1.5rem);grid-template-columns:minmax(0, 1fr);}#kt-layout-id_b3de74-01 > .kt-row-layout-overlay{opacity:0.30;}@media all and (max-width: 1024px){#kt-layout-id_b3de74-01 > .kt-row-column-wrap{grid-template-columns:minmax(0, 1fr);}}@media all and (max-width: 767px){#kt-layout-id_b3de74-01 > .kt-row-column-wrap{grid-template-columns:minmax(0, 1fr);}}<\/style>\n<div class=\"wp-block-kadence-rowlayout alignnone\"><div id=\"kt-layout-id_b3de74-01\" class=\"kt-row-layout-inner kt-layout-id_b3de74-01\"><div class=\"kt-row-column-wrap kt-has-1-columns kt-gutter-default kt-v-gutter-default kt-row-valign-middle kt-row-layout-equal kt-tab-layout-inherit kt-m-colapse-left-to-right kt-mobile-layout-row\"><style>.kadence-column_e53080-f9 > .kt-inside-inner-col{border-top-width:0px;border-right-width:0px;border-bottom-width:0px;border-left-width:0px;}.kadence-column_e53080-f9 > .kt-inside-inner-col,.kadence-column_e53080-f9 > .kt-inside-inner-col:before{border-top-left-radius:0px;border-top-right-radius:0px;border-bottom-right-radius:0px;border-bottom-left-radius:0px;}.kadence-column_e53080-f9 > .kt-inside-inner-col{column-gap:var(--global-kb-gap-sm, 1rem);}.kadence-column_e53080-f9 > .kt-inside-inner-col{flex-direction:column;}.kadence-column_e53080-f9 > .kt-inside-inner-col > .aligncenter{width:100%;}.kadence-column_e53080-f9 > .kt-inside-inner-col:before{opacity:0.3;}.kadence-column_e53080-f9{position:relative;}@media all and (max-width: 1024px){.kadence-column_e53080-f9 > .kt-inside-inner-col{flex-direction:column;justify-content:center;}}@media all and (max-width: 767px){.kadence-column_e53080-f9 > .kt-inside-inner-col{flex-direction:column;justify-content:center;}}<\/style>\n<div class=\"wp-block-kadence-column inner-column-1 kadence-column_e53080-f9\"><div class=\"kt-inside-inner-col\"><style>#kt-layout-id_3ed1e6-b8 > .kt-row-column-wrap{align-content:start;}:where(#kt-layout-id_3ed1e6-b8 > .kt-row-column-wrap) > .wp-block-kadence-column{justify-content:start;}#kt-layout-id_3ed1e6-b8 > .kt-row-column-wrap{column-gap:var(--global-kb-gap-md, 2rem);row-gap:var(--global-kb-gap-md, 2rem);padding-top:var( --global-kb-row-default-top, 25px );padding-bottom:var( --global-kb-row-default-bottom, 25px );padding-bottom:143px;grid-template-columns:minmax(0, 1fr);}#kt-layout-id_3ed1e6-b8 > .kt-row-layout-overlay{opacity:0.30;}@media all and (max-width: 1024px){#kt-layout-id_3ed1e6-b8 > .kt-row-column-wrap{grid-template-columns:minmax(0, 1fr);}}@media all and (max-width: 767px){#kt-layout-id_3ed1e6-b8 > .kt-row-column-wrap{grid-template-columns:minmax(0, 1fr);}}<\/style>\n<div class=\"wp-block-kadence-rowlayout alignnone\"><div id=\"kt-layout-id_3ed1e6-b8\" class=\"kt-row-layout-inner kt-layout-id_3ed1e6-b8\"><div class=\"kt-row-column-wrap kt-has-1-columns kt-gutter-default kt-v-gutter-default kt-row-valign-top kt-row-layout-equal kt-tab-layout-inherit kt-m-colapse-left-to-right kt-mobile-layout-row\"><style>.kadence-column_a4cdcf-65 > .kt-inside-inner-col{border-top-width:0px;border-right-width:0px;border-bottom-width:0px;border-left-width:0px;}.kadence-column_a4cdcf-65 > .kt-inside-inner-col,.kadence-column_a4cdcf-65 > .kt-inside-inner-col:before{border-top-left-radius:0px;border-top-right-radius:0px;border-bottom-right-radius:0px;border-bottom-left-radius:0px;}.kadence-column_a4cdcf-65 > .kt-inside-inner-col{column-gap:var(--global-kb-gap-sm, 1rem);}.kadence-column_a4cdcf-65 > .kt-inside-inner-col{flex-direction:column;}.kadence-column_a4cdcf-65 > .kt-inside-inner-col > .aligncenter{width:100%;}.kadence-column_a4cdcf-65 > .kt-inside-inner-col:before{opacity:0.3;}.kadence-column_a4cdcf-65{text-align:center;}.kadence-column_a4cdcf-65{position:relative;}@media all and (max-width: 1024px){.kadence-column_a4cdcf-65 > .kt-inside-inner-col{flex-direction:column;justify-content:center;}}@media all and (max-width: 767px){.kadence-column_a4cdcf-65 > .kt-inside-inner-col{flex-direction:column;justify-content:center;}}<\/style>\n<div class=\"wp-block-kadence-column inner-column-1 kadence-column_a4cdcf-65\"><div class=\"kt-inside-inner-col\">\n<p class=\"has-drop-cap has-text-align-left\" style=\"font-size:17px\"><span style=\"color: #ffffff;\"><strong>Nat\u00fcrlich sch\u00f6n sein<\/strong>&#8230; bedeutet f\u00fcr uns, Haut- und Haarpflegeprodukte ohne Risiko und Belastung f\u00fcr K\u00f6rper und Umwelt. Immer mehr Menschen &#8211; besonders Kinder &#8211; leiden unter \u00dcberempfindlichkeit, Hautproblemen und Allergien. Unser Immunsystem ist durch Umweltgifte hoch belastet und h\u00e4ufig bereits geschw\u00e4cht.<\/span><br><span style=\"color: #ffffff;\">In diesem Bewusstsein handeln wir und bieten eine&nbsp;<strong>konsequent nat\u00fcrliche Alternativen<\/strong>&nbsp;an. CULUMNATURA<sup>\u00ae<\/sup>&nbsp;garantiert biozertifizierte Haut- und Haarpflege mit ehrlicher Inhaltsdeklaration.&nbsp;<strong>Volldeklaration<\/strong>&nbsp;hei\u00dft: &#8222;Was nicht drauf steht, ist auch nicht drin.&#8220;<\/span><\/p>\n<\/div><\/div>\n<\/div><\/div><\/div>\n<\/div><\/div>\n<\/div><\/div><\/div>\n<\/div>\n<\/div>\n<\/div>\n<\/div>\n<\/div>\n<\/div>\n<\/div><\/div>\n<\/div><\/div><\/div>\n\n\n\n<div id=\"se\" class=\"wp-block-themeisle-blocks-advanced-columns alignfull has-3-columns has-desktop-equal-layout has-tablet-equal-layout has-mobile-collapsedRows-layout has-vertical-unset\"><div class=\"wp-block-themeisle-blocks-advanced-columns-overlay\"><\/div><div class=\"innerblocks-wrap\">\n<div id=\"wp-block-themeisle-blocks-advanced-column-71484aac\" class=\"wp-block-themeisle-blocks-advanced-column\">\n<p id=\"wp-block-themeisle-blocks-font-awesome-icons-29583e4b\" class=\"wp-block-themeisle-blocks-font-awesome-icons\"><span class=\"wp-block-themeisle-blocks-font-awesome-icons-container\"><i class=\"fas fa-graduation-cap\"><\/i><\/span><\/p>\n\n\n\n<h5 id=\"wp-block-themeisle-blocks-advanced-heading-e50a9371\" class=\"wp-block-themeisle-blocks-advanced-heading wp-block-themeisle-blocks-advanced-heading-e50a9371\">\u00fcber mich<\/h5>\n\n\n\n<p class=\"has-text-align-center has-text-color has-medium-font-size\" style=\"color:#4f1614;font-style:normal;font-weight:200\">Als ausgebildete Friseurmeisterin  arbeite seit vielen Jahren mit gro\u00dfer Freude als Naturfriseurin und lege dabei gro\u00dfen Wert auf hochwertige, \u00f6kologische Produkte.<\/p>\n<\/div>\n\n\n\n<div id=\"wp-block-themeisle-blocks-advanced-column-a0079089\" class=\"wp-block-themeisle-blocks-advanced-column\">\n<p id=\"wp-block-themeisle-blocks-font-awesome-icons-cdfe10a4\" class=\"wp-block-themeisle-blocks-font-awesome-icons\"><span class=\"wp-block-themeisle-blocks-font-awesome-icons-container\"><i class=\"fas fa-cut\"><\/i><\/span><\/p>\n\n\n\n<h5 id=\"wp-block-themeisle-blocks-advanced-heading-7964a169\" class=\"wp-block-themeisle-blocks-advanced-heading wp-block-themeisle-blocks-advanced-heading-7964a169\"> Dienstleistungen<\/h5>\n\n\n\n<p class=\"has-text-align-center has-text-color has-medium-font-size\" style=\"color:#4f1614;font-style:normal;font-weight:200\">&#8211; Damenhaarschnitte<br>&#8211; Herrenhaarschnitte<br>&#8211; F\u00e4rben mit biozertifizierten<br>Pflanzenfarben<br>&#8211; Kinderhaarschnitte<\/p>\n\n\n\n<p><\/p>\n\n\n\n<p><\/p>\n<\/div>\n\n\n\n<div id=\"wp-block-themeisle-blocks-advanced-column-3ad7ac1c\" class=\"wp-block-themeisle-blocks-advanced-column\">\n<p id=\"wp-block-themeisle-blocks-font-awesome-icons-3f5f9531\" class=\"wp-block-themeisle-blocks-font-awesome-icons\"><span class=\"wp-block-themeisle-blocks-font-awesome-icons-container\"><i class=\"far fa-hand-paper\"><\/i><\/span><\/p>\n\n\n\n<h5 id=\"wp-block-themeisle-blocks-advanced-heading-68f9f4b6\" class=\"wp-block-themeisle-blocks-advanced-heading wp-block-themeisle-blocks-advanced-heading-68f9f4b6\"> Produkte<\/h5>\n\n\n\n<p class=\"has-text-align-center has-text-color\" style=\"color:#4f1614;font-size:18px;font-style:normal;font-weight:200\">Ich verwende ausschlie\u00dflich Produkte von<br>CULUM NATURA mit ehrlicher Inhaltsdeklaration.<\/p>\n<\/div>\n<\/div><\/div>\n\n\n<style>#kt-layout-id_7ba00e-df{margin-top:-21px;}#kt-layout-id_7ba00e-df > .kt-row-column-wrap{align-content:start;}:where(#kt-layout-id_7ba00e-df > .kt-row-column-wrap) > .wp-block-kadence-column{justify-content:start;}#kt-layout-id_7ba00e-df > .kt-row-column-wrap{column-gap:var(--global-kb-gap-md, 2rem);row-gap:var(--global-kb-gap-none, 0rem );padding-top:var( --global-kb-row-default-top, 25px );padding-bottom:var( --global-kb-row-default-bottom, 25px );padding-left:20px;padding-right:20px;grid-template-columns:repeat(2, minmax(0, 1fr));}#kt-layout-id_7ba00e-df > .kt-row-layout-overlay{opacity:0.30;}@media all and (max-width: 1024px){#kt-layout-id_7ba00e-df > .kt-row-column-wrap{grid-template-columns:repeat(2, minmax(0, 1fr));}}@media all and (max-width: 767px){#kt-layout-id_7ba00e-df > .kt-row-column-wrap{grid-template-columns:minmax(0, 1fr);}}<\/style>\n<div class=\"wp-block-kadence-rowlayout alignnone\"><div id=\"kt-layout-id_7ba00e-df\" class=\"kt-row-layout-inner kt-row-has-bg kt-layout-id_7ba00e-df has-kb-palette-2-background-color\"><div class=\"kt-row-column-wrap kt-has-2-columns kt-gutter-default kt-v-gutter-none kt-row-valign-top kt-row-layout-equal kt-tab-layout-inherit kt-m-colapse-left-to-right kt-mobile-layout-row\"><style>.kadence-column_e02b47-a9 > .kt-inside-inner-col{border-top-width:0px;border-right-width:0px;border-bottom-width:0px;border-left-width:0px;}.kadence-column_e02b47-a9 > .kt-inside-inner-col,.kadence-column_e02b47-a9 > .kt-inside-inner-col:before{border-top-left-radius:0px;border-top-right-radius:0px;border-bottom-right-radius:0px;border-bottom-left-radius:0px;}.kadence-column_e02b47-a9 > .kt-inside-inner-col{column-gap:var(--global-kb-gap-sm, 1rem);}.kadence-column_e02b47-a9 > .kt-inside-inner-col{flex-direction:column;}.kadence-column_e02b47-a9 > .kt-inside-inner-col > .aligncenter{width:100%;}.kadence-column_e02b47-a9 > .kt-inside-inner-col:before{opacity:0.3;}.kadence-column_e02b47-a9{position:relative;}@media all and (max-width: 1024px){.kadence-column_e02b47-a9 > .kt-inside-inner-col{flex-direction:column;justify-content:center;}}@media all and (max-width: 767px){.kadence-column_e02b47-a9 > .kt-inside-inner-col{flex-direction:column;justify-content:center;}}<\/style>\n<div class=\"wp-block-kadence-column inner-column-1 kadence-column_e02b47-a9\"><div class=\"kt-inside-inner-col\">\n<figure class=\"wp-block-image size-large\"><img loading=\"lazy\" decoding=\"async\" width=\"769\" height=\"1024\" src=\"http:\/\/s900859758.online.de\/wp-content\/uploads\/2022\/03\/IMG_6353-769x1024.jpg\" alt=\"\" class=\"wp-image-263\" srcset=\"https:\/\/haarstil-naturfriseur.de\/wp-content\/uploads\/2022\/03\/IMG_6353-769x1024.jpg 769w, https:\/\/haarstil-naturfriseur.de\/wp-content\/uploads\/2022\/03\/IMG_6353-225x300.jpg 225w, https:\/\/haarstil-naturfriseur.de\/wp-content\/uploads\/2022\/03\/IMG_6353-768x1022.jpg 768w, https:\/\/haarstil-naturfriseur.de\/wp-content\/uploads\/2022\/03\/IMG_6353-1154x1536.jpg 1154w, https:\/\/haarstil-naturfriseur.de\/wp-content\/uploads\/2022\/03\/IMG_6353-1539x2048.jpg 1539w, https:\/\/haarstil-naturfriseur.de\/wp-content\/uploads\/2022\/03\/IMG_6353-scaled.jpg 1923w\" sizes=\"auto, (max-width: 769px) 100vw, 769px\" \/><\/figure>\n<\/div><\/div>\n\n\n<style>.kadence-column_2abc26-40 > .kt-inside-inner-col{display:flex;}.kadence-column_2abc26-40 > .kt-inside-inner-col{border-top-width:0px;border-right-width:0px;border-bottom-width:0px;border-left-width:0px;}.kadence-column_2abc26-40 > .kt-inside-inner-col,.kadence-column_2abc26-40 > .kt-inside-inner-col:before{border-top-left-radius:0px;border-top-right-radius:0px;border-bottom-right-radius:0px;border-bottom-left-radius:0px;}.kadence-column_2abc26-40 > .kt-inside-inner-col{column-gap:var(--global-kb-gap-sm, 1rem);}.kadence-column_2abc26-40 > .kt-inside-inner-col{flex-direction:column;justify-content:center;}.kadence-column_2abc26-40 > .kt-inside-inner-col > .aligncenter{width:100%;}.kt-row-column-wrap > .kadence-column_2abc26-40{align-self:center;}.kt-inner-column-height-full:not(.kt-has-1-columns) > .wp-block-kadence-column.kadence-column_2abc26-40{align-self:auto;}.kt-inner-column-height-full:not(.kt-has-1-columns) > .wp-block-kadence-column.kadence-column_2abc26-40 > .kt-inside-inner-col{flex-direction:column;justify-content:center;}.kadence-column_2abc26-40 > .kt-inside-inner-col:before{opacity:0.3;}.kadence-column_2abc26-40{position:relative;}@media all and (max-width: 1024px){.kt-row-column-wrap > .kadence-column_2abc26-40{align-self:center;}}@media all and (max-width: 1024px){.kt-inner-column-height-full:not(.kt-has-1-columns) > .wp-block-kadence-column.kadence-column_2abc26-40{align-self:auto;}}@media all and (max-width: 1024px){.kt-inner-column-height-full:not(.kt-has-1-columns) > .wp-block-kadence-column.kadence-column_2abc26-40 > .kt-inside-inner-col{flex-direction:column;justify-content:center;}}@media all and (max-width: 1024px){.kadence-column_2abc26-40 > .kt-inside-inner-col{flex-direction:column;justify-content:center;}}@media all and (max-width: 767px){.kt-row-column-wrap > .kadence-column_2abc26-40{align-self:center;}.kt-inner-column-height-full:not(.kt-has-1-columns) > .wp-block-kadence-column.kadence-column_2abc26-40{align-self:auto;}.kt-inner-column-height-full:not(.kt-has-1-columns) > .wp-block-kadence-column.kadence-column_2abc26-40 > .kt-inside-inner-col{flex-direction:column;justify-content:center;}.kadence-column_2abc26-40 > .kt-inside-inner-col{flex-direction:column;justify-content:center;}}<\/style>\n<div class=\"wp-block-kadence-column inner-column-2 kadence-column_2abc26-40\"><div class=\"kt-inside-inner-col\">\n<p class=\"has-text-align-center has-neve-link-color-color has-text-color has-large-font-size\" style=\"font-style:normal;font-weight:300\">GIBT ES FRAGEN?<\/p>\n\n\n\n<p class=\"has-text-align-center has-neve-link-color-color has-text-color has-medium-font-size\" style=\"font-style:normal;font-weight:300\"><span class=\"tadv-color\" style=\"color:var(--nv-primary-accent)\">Franziska Kettner<br>Telefon  0351 &#8211; 40 64 870<br>Mobil 0176 &#8211; 24 84 6721<\/span><span class=\"tadv-color\" style=\"color:#4e1513\">21<\/span><\/p>\n<\/div><\/div>\n<\/div><\/div><\/div>\n\n\n\n<div id=\"wp-block-themeisle-blocks-advanced-columns-acdd57b3\" class=\"wp-block-themeisle-blocks-advanced-columns alignfull has-1-columns has-desktop-equal-layout has-tablet-equal-layout has-mobile-equal-layout has-vertical-unset has-vertical-undefined\"><div class=\"wp-block-themeisle-blocks-advanced-columns-overlay\"><\/div><div class=\"innerblocks-wrap\">\n<div id=\"wp-block-themeisle-blocks-advanced-column-940006f1\" class=\"wp-block-themeisle-blocks-advanced-column\"><div style=\"height:496px;\" class=\"alignfull alignfull wp-block-themeisle-blocks-leaflet-map\" id=\"wp-block-themeisle-blocks-leaflet-map-b4767b56\"><\/div>\n<script type=\"text\/javascript\">\n\t\/* <![CDATA[ *\/\n\t\tif ( ! window.themeisleLeafletMaps ) window.themeisleLeafletMaps =[];\n\t\twindow.themeisleLeafletMaps.push( { container: \"wp-block-themeisle-blocks-leaflet-map-b4767b56\", attributes: {\"id\":\"wp-block-themeisle-blocks-leaflet-map-b4767b56\",\"location\":\"Winzerstra\\u00dfe 46, 01445 Radebeul\",\"latitude\":\"51.110918356368394\",\"longitude\":\"13.644719123840334\",\"bbox\":\"13.632917404174806,51.10757731776338,13.656520843505861,51.11425915344985\",\"zoom\":16,\"height\":496,\"markers\":[{\"id\":\"c6ce155c-ef57-43e6-83d6-75f3a1773674\",\"latitude\":51.11161865,\"longitude\":13.643417244382437,\"title\":\"Haarstil Naturfriseur\",\"description\":\"\",\"location\":\"Winzerstra\\u00dfe 46, 01445 Radebeul\"}],\"draggable\":false,\"align\":\"full\",\"zoomControl\":true,\"hasCustomCSS\":false,\"customCSS\":\"\",\"otterConditions\":[]} } );\n\t\/* ]]> *\/\n<\/script>\n<\/div>\n<\/div><\/div>\n\n\n\n<div id=\"wp-block-themeisle-blocks-advanced-columns-d2b3b50b\" class=\"wp-block-themeisle-blocks-advanced-columns alignfull has-3-columns has-desktop-equal-layout has-tablet-equal-layout has-mobile-equal-layout has-vertical-unset has-default-gap\"><div class=\"wp-block-themeisle-blocks-advanced-columns-overlay\"><\/div><div class=\"innerblocks-wrap\">\n<div id=\"wp-block-themeisle-blocks-advanced-column-34178fa7\" class=\"wp-block-themeisle-blocks-advanced-column\">\n<p id=\"wp-block-themeisle-blocks-font-awesome-icons-b2e502b6\" class=\"wp-block-themeisle-blocks-font-awesome-icons\"><span class=\"wp-block-themeisle-blocks-font-awesome-icons-container\"><i class=\"far fa-map\"><\/i><\/span><\/p>\n\n\n\n<p class=\"has-text-align-center has-text-color\" style=\"color:#939393;font-size:16px\"><span style=\"color:var(--nv-site-bg)\" class=\"tadv-color\"> Haarstil<br>Winzerstr. 46 <br> 01445 Radebeul&nbsp; <\/span><\/p>\n<\/div>\n\n\n\n<div id=\"wp-block-themeisle-blocks-advanced-column-c64b3697\" class=\"wp-block-themeisle-blocks-advanced-column\">\n<p id=\"wp-block-themeisle-blocks-font-awesome-icons-050e436d\" class=\"wp-block-themeisle-blocks-font-awesome-icons\"><span class=\"wp-block-themeisle-blocks-font-awesome-icons-container\"><i class=\"fas fa-hourglass-half\"><\/i><\/span><\/p>\n\n\n\n<p class=\"has-text-align-center has-neve-link-color-color has-text-color\" style=\"font-size:16px\">Termine nach Vereinbarung<\/p>\n<\/div>\n\n\n\n<div id=\"wp-block-themeisle-blocks-advanced-column-ac48674e\" class=\"wp-block-themeisle-blocks-advanced-column\">\n<p id=\"wp-block-themeisle-blocks-font-awesome-icons-ef30349d\" class=\"wp-block-themeisle-blocks-font-awesome-icons\"><span class=\"wp-block-themeisle-blocks-font-awesome-icons-container\"><i class=\"fas fa-shield-alt\"><\/i><\/span><\/p>\n\n\n\n<p class=\"has-text-align-center has-neve-link-color-color has-text-color\" style=\"font-size:16px\"><a href=\"http:\/\/s900859758.online.de\/impressum\" data-type=\"page\" data-id=\"247\" target=\"_blank\" rel=\"noreferrer noopener\">Impressum<\/a><\/p>\n\n\n\n<p class=\"has-text-align-center has-neve-link-color-color has-text-color\"><a href=\"http:\/\/s900859758.online.de\/privacy-policy\" data-type=\"page\" data-id=\"3\" target=\"_blank\" rel=\"noreferrer noopener\">Datenschutz<\/a><\/p>\n<\/div>\n<\/div><\/div>\n\n\n\n<p><\/p>\n\n\n\n<p><\/p>\n","protected":false},"excerpt":{"rendered":"<p>Nat\u00fcrlich sch\u00f6n sein&#8230; bedeutet f\u00fcr uns, Haut- und Haarpflegeprodukte ohne Risiko und Belastung f\u00fcr K\u00f6rper und Umwelt. Immer mehr Menschen &#8211; besonders Kinder &#8211; leiden unter \u00dcberempfindlichkeit, Hautproblemen und Allergien. Unser Immunsystem ist durch Umweltgifte hoch belastet und h\u00e4ufig bereits geschw\u00e4cht.In diesem Bewusstsein handeln wir und bieten eine&nbsp;konsequent nat\u00fcrliche Alternativen&nbsp;an. CULUMNATURA\u00ae&nbsp;garantiert biozertifizierte Haut- und Haarpflege&hellip;&nbsp;<a href=\"https:\/\/haarstil-naturfriseur.de\/\" class=\"\" rel=\"bookmark\">Read More &raquo;<span class=\"screen-reader-text\">Home<\/span><\/a><\/p>\n","protected":false},"author":1,"featured_media":0,"parent":0,"menu_order":0,"comment_status":"closed","ping_status":"closed","template":"page-templates\/template-pagebuilder-full-width.php","meta":{"neve_meta_sidebar":"full-width","neve_meta_container":"contained","neve_meta_enable_content_width":"on","neve_meta_content_width":100,"neve_meta_title_alignment":"","neve_meta_author_avatar":"","neve_post_elements_order":"","neve_meta_disable_header":"","neve_meta_disable_footer":"","neve_meta_disable_title":"","_themeisle_gutenberg_block_has_review":false,"footnotes":""},"class_list":["post-143","page","type-page","status-publish","hentry"],"_links":{"self":[{"href":"https:\/\/haarstil-naturfriseur.de\/index.php?rest_route=\/wp\/v2\/pages\/143","targetHints":{"allow":["GET"]}}],"collection":[{"href":"https:\/\/haarstil-naturfriseur.de\/index.php?rest_route=\/wp\/v2\/pages"}],"about":[{"href":"https:\/\/haarstil-naturfriseur.de\/index.php?rest_route=\/wp\/v2\/types\/page"}],"author":[{"embeddable":true,"href":"https:\/\/haarstil-naturfriseur.de\/index.php?rest_route=\/wp\/v2\/users\/1"}],"replies":[{"embeddable":true,"href":"https:\/\/haarstil-naturfriseur.de\/index.php?rest_route=%2Fwp%2Fv2%2Fcomments&post=143"}],"version-history":[{"count":74,"href":"https:\/\/haarstil-naturfriseur.de\/index.php?rest_route=\/wp\/v2\/pages\/143\/revisions"}],"predecessor-version":[{"id":350,"href":"https:\/\/haarstil-naturfriseur.de\/index.php?rest_route=\/wp\/v2\/pages\/143\/revisions\/350"}],"wp:attachment":[{"href":"https:\/\/haarstil-naturfriseur.de\/index.php?rest_route=%2Fwp%2Fv2%2Fmedia&parent=143"}],"curies":[{"name":"wp","href":"https:\/\/api.w.org\/{rel}","templated":true}]}}